{"id":5528,"date":"2024-04-10T11:17:13","date_gmt":"2024-04-10T09:17:13","guid":{"rendered":"https:\/\/www.visionfuturesuisse.ch\/rechtliche-hinweise\/"},"modified":"2024-04-18T18:12:57","modified_gmt":"2024-04-18T16:12:57","slug":"rechtliche-hinweise","status":"publish","type":"page","link":"https:\/\/www.visionfuturesuisse.ch\/de\/rechtliche-hinweise\/","title":{"rendered":"Rechtliche Hinweise"},"content":{"rendered":"<p>[et_pb_section fb_built=&#8220;1&#8243; _builder_version=&#8220;4.24.2&#8243; _module_preset=&#8220;default&#8220; custom_padding=&#8220;|30px||30px|false|false&#8220; global_colors_info=&#8220;{}&#8220;][et_pb_row _builder_version=&#8220;4.24.2&#8243; _module_preset=&#8220;default&#8220; width=&#8220;100%&#8220; max_width=&#8220;1170px&#8220; global_colors_info=&#8220;{}&#8220;][et_pb_column type=&#8220;4_4&#8243; _builder_version=&#8220;4.24.2&#8243; _module_preset=&#8220;default&#8220; global_colors_info=&#8220;{}&#8220;][et_pb_text _builder_version=&#8220;4.24.3&#8243; _module_preset=&#8220;default&#8220; text_font=&#8220;Montserrat||||||||&#8220; text_text_color=&#8220;#020a38&#8243; text_font_size=&#8220;16px&#8220; header_font=&#8220;Montserrat||||||||&#8220; header_text_color=&#8220;#020a38&#8243; header_font_size=&#8220;45px&#8220; header_line_height=&#8220;1.3em&#8220; text_font_size_tablet=&#8220;15px&#8220; text_font_size_phone=&#8220;15px&#8220; text_font_size_last_edited=&#8220;on|tablet&#8220; header_font_size_tablet=&#8220;34px&#8220; header_font_size_phone=&#8220;34px&#8220; header_font_size_last_edited=&#8220;on|tablet&#8220; global_colors_info=&#8220;{}&#8220;]<\/p>\n<h1>Rechtliche Hinweise<\/h1>\n<p>&nbsp;<\/p>\n<p>Diese Website wird herausgegeben von :<\/p>\n<p>Firmenname: Vision Future Suisse SA<br \/>Adresse des eingetragenen Sitzes: Avenue Alfred-Cortot 12, 1260 Nyon, Vaud<br \/>Verantwortlich f\u00fcr die Redaktion: Eric Parent<br \/>Telefon: +41 22 365 18 80<br \/>Kontakt-E-Mail: contact@visionfuturesuisse.ch<br \/>Nominales Kapital: 100.000 CHF<br \/>Rechtsform: Aktiengesellschaft<br \/>UID-Nummer: CHE-252.772.708<br \/>NACE: Q8622 &#8211; T\u00e4tigkeit von Fach\u00e4rzten<\/p>\n<p>Diese Website wird gehostet von :<\/p>\n<p>Infomaniak Network SA<br \/>Rue Eug\u00e8ne Marziano 25, 1227 Les Acacias (GE)<br \/>Tel: +33 9 71 03 02 64<\/p>\n<p>[\/et_pb_text][\/et_pb_column][\/et_pb_row][\/et_pb_section]<\/p>\n","protected":false},"excerpt":{"rendered":"<p>Rechtliche Hinweise &nbsp; Diese Website wird herausgegeben von : Firmenname: Vision Future Suisse SAAdresse des eingetragenen Sitzes: Avenue Alfred-Cortot 12, 1260 Nyon, VaudVerantwortlich f\u00fcr die Redaktion: Eric ParentTelefon: +41 22 365 18 80Kontakt-E-Mail: contact@visionfuturesuisse.chNominales Kapital: 100.000 CHFRechtsform: AktiengesellschaftUID-Nummer: CHE-252.772.708NACE: Q8622 &#8211; T\u00e4tigkeit von Fach\u00e4rzten Diese Website wird gehostet von : Infomaniak Network SARue Eug\u00e8ne Marziano 25, 1227 Les Acacias (GE)Tel: +33 9 71 03 02 64<\/p>\n","protected":false},"author":1,"featured_media":0,"parent":0,"menu_order":0,"comment_status":"closed","ping_status":"closed","template":"","meta":{"_et_pb_use_builder":"on","_et_pb_old_content":"","_et_gb_content_width":"","inline_featured_image":false,"footnotes":""},"class_list":["post-5528","page","type-page","status-publish","hentry"],"yoast_head":"<!-- This site is optimized with the Yoast SEO plugin v27.3 - https:\/\/yoast.com\/product\/yoast-seo-wordpress\/ -->\n<title>Rechtliche Hinweise - Vision Future Nyon - Clinique ophtalmologique \u00e0 Nyon<\/title>\n<meta name=\"robots\" content=\"index, follow, max-snippet:-1, max-image-preview:large, max-video-preview:-1\" \/>\n<link rel=\"canonical\" href=\"https:\/\/www.visionfuturesuisse.ch\/de\/rechtliche-hinweise\/\" \/>\n<meta property=\"og:locale\" content=\"de_DE\" \/>\n<meta property=\"og:type\" content=\"article\" \/>\n<meta property=\"og:title\" content=\"Rechtliche Hinweise - Vision Future Nyon - Clinique ophtalmologique \u00e0 Nyon\" \/>\n<meta property=\"og:description\" content=\"Rechtliche Hinweise &nbsp; Diese Website wird herausgegeben von : Firmenname: Vision Future Suisse SAAdresse des eingetragenen Sitzes: Avenue Alfred-Cortot 12, 1260 Nyon, VaudVerantwortlich f\u00fcr die Redaktion: Eric ParentTelefon: +41 22 365 18 80Kontakt-E-Mail: contact@visionfuturesuisse.chNominales Kapital: 100.000 CHFRechtsform: AktiengesellschaftUID-Nummer: CHE-252.772.708NACE: Q8622 - T\u00e4tigkeit von Fach\u00e4rzten Diese Website wird gehostet von : Infomaniak Network SARue Eug\u00e8ne Marziano 25, 1227 Les Acacias (GE)Tel: +33 9 71 03 02 64\" \/>\n<meta property=\"og:url\" content=\"https:\/\/www.visionfuturesuisse.ch\/de\/rechtliche-hinweise\/\" \/>\n<meta property=\"og:site_name\" content=\"Vision Future Nyon - Clinique ophtalmologique \u00e0 Nyon\" \/>\n<meta property=\"article:modified_time\" content=\"2024-04-18T16:12:57+00:00\" \/>\n<meta name=\"twitter:card\" content=\"summary_large_image\" \/>\n<meta name=\"twitter:label1\" content=\"Gesch\u00e4tzte Lesezeit\" \/>\n\t<meta name=\"twitter:data1\" content=\"1\u00a0Minute\" \/>\n<script type=\"application\/ld+json\" class=\"yoast-schema-graph\">{\"@context\":\"https:\\\/\\\/schema.org\",\"@graph\":[{\"@type\":\"WebPage\",\"@id\":\"https:\\\/\\\/www.visionfuturesuisse.ch\\\/de\\\/rechtliche-hinweise\\\/\",\"url\":\"https:\\\/\\\/www.visionfuturesuisse.ch\\\/de\\\/rechtliche-hinweise\\\/\",\"name\":\"Rechtliche Hinweise - Vision Future Nyon - Clinique ophtalmologique \u00e0 Nyon\",\"isPartOf\":{\"@id\":\"https:\\\/\\\/www.visionfuturesuisse.ch\\\/de\\\/#website\"},\"datePublished\":\"2024-04-10T09:17:13+00:00\",\"dateModified\":\"2024-04-18T16:12:57+00:00\",\"breadcrumb\":{\"@id\":\"https:\\\/\\\/www.visionfuturesuisse.ch\\\/de\\\/rechtliche-hinweise\\\/#breadcrumb\"},\"inLanguage\":\"de\",\"potentialAction\":[{\"@type\":\"ReadAction\",\"target\":[\"https:\\\/\\\/www.visionfuturesuisse.ch\\\/de\\\/rechtliche-hinweise\\\/\"]}]},{\"@type\":\"BreadcrumbList\",\"@id\":\"https:\\\/\\\/www.visionfuturesuisse.ch\\\/de\\\/rechtliche-hinweise\\\/#breadcrumb\",\"itemListElement\":[{\"@type\":\"ListItem\",\"position\":1,\"name\":\"Accueil\",\"item\":\"https:\\\/\\\/www.visionfuturesuisse.ch\\\/de\\\/\"},{\"@type\":\"ListItem\",\"position\":2,\"name\":\"Rechtliche Hinweise\"}]},{\"@type\":\"WebSite\",\"@id\":\"https:\\\/\\\/www.visionfuturesuisse.ch\\\/de\\\/#website\",\"url\":\"https:\\\/\\\/www.visionfuturesuisse.ch\\\/de\\\/\",\"name\":\"Vision Future Nyon - Clinique ophtalmologique \u00e0 Nyon\",\"description\":\"\",\"publisher\":{\"@id\":\"https:\\\/\\\/www.visionfuturesuisse.ch\\\/de\\\/#organization\"},\"potentialAction\":[{\"@type\":\"SearchAction\",\"target\":{\"@type\":\"EntryPoint\",\"urlTemplate\":\"https:\\\/\\\/www.visionfuturesuisse.ch\\\/de\\\/?s={search_term_string}\"},\"query-input\":{\"@type\":\"PropertyValueSpecification\",\"valueRequired\":true,\"valueName\":\"search_term_string\"}}],\"inLanguage\":\"de\"},{\"@type\":\"Organization\",\"@id\":\"https:\\\/\\\/www.visionfuturesuisse.ch\\\/de\\\/#organization\",\"name\":\"Vision Future Nyon - Clinique ophtalmologique \u00e0 Nyon\",\"url\":\"https:\\\/\\\/www.visionfuturesuisse.ch\\\/de\\\/\",\"logo\":{\"@type\":\"ImageObject\",\"inLanguage\":\"de\",\"@id\":\"https:\\\/\\\/www.visionfuturesuisse.ch\\\/de\\\/#\\\/schema\\\/logo\\\/image\\\/\",\"url\":\"https:\\\/\\\/www.visionfuturesuisse.ch\\\/wp-content\\\/uploads\\\/2024\\\/03\\\/logo.svg\",\"contentUrl\":\"https:\\\/\\\/www.visionfuturesuisse.ch\\\/wp-content\\\/uploads\\\/2024\\\/03\\\/logo.svg\",\"width\":257,\"height\":55,\"caption\":\"Vision Future Nyon - Clinique ophtalmologique \u00e0 Nyon\"},\"image\":{\"@id\":\"https:\\\/\\\/www.visionfuturesuisse.ch\\\/de\\\/#\\\/schema\\\/logo\\\/image\\\/\"},\"sameAs\":[\"https:\\\/\\\/www.instagram.com\\\/vision_future_suisse?igsh=OHYzdTBrNnc2NWxj\",\"https:\\\/\\\/ch.linkedin.com\\\/company\\\/clinique-vision-future-suisse\",\"https:\\\/\\\/www.youtube.com\\\/channel\\\/UChNpXC6S6waqIgq44QlMoag\"]}]}<\/script>\n<!-- \/ Yoast SEO plugin. -->","yoast_head_json":{"title":"Rechtliche Hinweise - Vision Future Nyon - Clinique ophtalmologique \u00e0 Nyon","robots":{"index":"index","follow":"follow","max-snippet":"max-snippet:-1","max-image-preview":"max-image-preview:large","max-video-preview":"max-video-preview:-1"},"canonical":"https:\/\/www.visionfuturesuisse.ch\/de\/rechtliche-hinweise\/","og_locale":"de_DE","og_type":"article","og_title":"Rechtliche Hinweise - Vision Future Nyon - Clinique ophtalmologique \u00e0 Nyon","og_description":"Rechtliche Hinweise &nbsp; Diese Website wird herausgegeben von : Firmenname: Vision Future Suisse SAAdresse des eingetragenen Sitzes: Avenue Alfred-Cortot 12, 1260 Nyon, VaudVerantwortlich f\u00fcr die Redaktion: Eric ParentTelefon: +41 22 365 18 80Kontakt-E-Mail: contact@visionfuturesuisse.chNominales Kapital: 100.000 CHFRechtsform: AktiengesellschaftUID-Nummer: CHE-252.772.708NACE: Q8622 - T\u00e4tigkeit von Fach\u00e4rzten Diese Website wird gehostet von : Infomaniak Network SARue Eug\u00e8ne Marziano 25, 1227 Les Acacias (GE)Tel: +33 9 71 03 02 64","og_url":"https:\/\/www.visionfuturesuisse.ch\/de\/rechtliche-hinweise\/","og_site_name":"Vision Future Nyon - Clinique ophtalmologique \u00e0 Nyon","article_modified_time":"2024-04-18T16:12:57+00:00","twitter_card":"summary_large_image","twitter_misc":{"Gesch\u00e4tzte Lesezeit":"1\u00a0Minute"},"schema":{"@context":"https:\/\/schema.org","@graph":[{"@type":"WebPage","@id":"https:\/\/www.visionfuturesuisse.ch\/de\/rechtliche-hinweise\/","url":"https:\/\/www.visionfuturesuisse.ch\/de\/rechtliche-hinweise\/","name":"Rechtliche Hinweise - Vision Future Nyon - Clinique ophtalmologique \u00e0 Nyon","isPartOf":{"@id":"https:\/\/www.visionfuturesuisse.ch\/de\/#website"},"datePublished":"2024-04-10T09:17:13+00:00","dateModified":"2024-04-18T16:12:57+00:00","breadcrumb":{"@id":"https:\/\/www.visionfuturesuisse.ch\/de\/rechtliche-hinweise\/#breadcrumb"},"inLanguage":"de","potentialAction":[{"@type":"ReadAction","target":["https:\/\/www.visionfuturesuisse.ch\/de\/rechtliche-hinweise\/"]}]},{"@type":"BreadcrumbList","@id":"https:\/\/www.visionfuturesuisse.ch\/de\/rechtliche-hinweise\/#breadcrumb","itemListElement":[{"@type":"ListItem","position":1,"name":"Accueil","item":"https:\/\/www.visionfuturesuisse.ch\/de\/"},{"@type":"ListItem","position":2,"name":"Rechtliche Hinweise"}]},{"@type":"WebSite","@id":"https:\/\/www.visionfuturesuisse.ch\/de\/#website","url":"https:\/\/www.visionfuturesuisse.ch\/de\/","name":"Vision Future Nyon - Clinique ophtalmologique \u00e0 Nyon","description":"","publisher":{"@id":"https:\/\/www.visionfuturesuisse.ch\/de\/#organization"},"potentialAction":[{"@type":"SearchAction","target":{"@type":"EntryPoint","urlTemplate":"https:\/\/www.visionfuturesuisse.ch\/de\/?s={search_term_string}"},"query-input":{"@type":"PropertyValueSpecification","valueRequired":true,"valueName":"search_term_string"}}],"inLanguage":"de"},{"@type":"Organization","@id":"https:\/\/www.visionfuturesuisse.ch\/de\/#organization","name":"Vision Future Nyon - Clinique ophtalmologique \u00e0 Nyon","url":"https:\/\/www.visionfuturesuisse.ch\/de\/","logo":{"@type":"ImageObject","inLanguage":"de","@id":"https:\/\/www.visionfuturesuisse.ch\/de\/#\/schema\/logo\/image\/","url":"https:\/\/www.visionfuturesuisse.ch\/wp-content\/uploads\/2024\/03\/logo.svg","contentUrl":"https:\/\/www.visionfuturesuisse.ch\/wp-content\/uploads\/2024\/03\/logo.svg","width":257,"height":55,"caption":"Vision Future Nyon - Clinique ophtalmologique \u00e0 Nyon"},"image":{"@id":"https:\/\/www.visionfuturesuisse.ch\/de\/#\/schema\/logo\/image\/"},"sameAs":["https:\/\/www.instagram.com\/vision_future_suisse?igsh=OHYzdTBrNnc2NWxj","https:\/\/ch.linkedin.com\/company\/clinique-vision-future-suisse","https:\/\/www.youtube.com\/channel\/UChNpXC6S6waqIgq44QlMoag"]}]}},"_links":{"self":[{"href":"https:\/\/www.visionfuturesuisse.ch\/de\/wp-json\/wp\/v2\/pages\/5528","targetHints":{"allow":["GET"]}}],"collection":[{"href":"https:\/\/www.visionfuturesuisse.ch\/de\/wp-json\/wp\/v2\/pages"}],"about":[{"href":"https:\/\/www.visionfuturesuisse.ch\/de\/wp-json\/wp\/v2\/types\/page"}],"author":[{"embeddable":true,"href":"https:\/\/www.visionfuturesuisse.ch\/de\/wp-json\/wp\/v2\/users\/1"}],"replies":[{"embeddable":true,"href":"https:\/\/www.visionfuturesuisse.ch\/de\/wp-json\/wp\/v2\/comments?post=5528"}],"version-history":[{"count":10,"href":"https:\/\/www.visionfuturesuisse.ch\/de\/wp-json\/wp\/v2\/pages\/5528\/revisions"}],"predecessor-version":[{"id":5722,"href":"https:\/\/www.visionfuturesuisse.ch\/de\/wp-json\/wp\/v2\/pages\/5528\/revisions\/5722"}],"wp:attachment":[{"href":"https:\/\/www.visionfuturesuisse.ch\/de\/wp-json\/wp\/v2\/media?parent=5528"}],"curies":[{"name":"wp","href":"https:\/\/api.w.org\/{rel}","templated":true}]}}